{"id":26446,"date":"2025-04-02T08:20:37","date_gmt":"2025-04-02T12:20:37","guid":{"rendered":"https:\/\/equipelasalleteam.com\/actualites-2025\/"},"modified":"2025-09-09T08:17:33","modified_gmt":"2025-09-09T12:17:33","slug":"news","status":"publish","type":"page","link":"https:\/\/equipelasalleteam.com\/en\/news\/","title":{"rendered":"News"},"content":{"rendered":"\n<h2>\n\t\t\tNews\t<\/h2>\n\t\t\t\t\t\t\t\t\t\t\t\t\t\t<a href=\"https:\/\/equipelasalleteam.com\/en\/nancy-blanchet-is-the-new-leader-of-the-equipe-lasalle-team-party\/\" target=\"_self\" title=\"Nancy Blanchet is the new leader of the \u00c9quipe LaSalle Team party\">\n\t\t\t\t<img decoding=\"async\" src=\"https:\/\/equipelasalleteam.com\/wp-content\/uploads\/2021\/05\/nancy_blanchet-821x1024.jpg\" alt=\"\" \/>\n\t\t\t\t<\/a>\n\t\t\t\t\t\t<h3>\n\t\t\t\t<a href=\"https:\/\/equipelasalleteam.com\/en\/nancy-blanchet-is-the-new-leader-of-the-equipe-lasalle-team-party\/\" title=\"Nancy Blanchet is the new leader of the \u00c9quipe LaSalle Team party\">Nancy Blanchet is the new leader of the \u00c9quipe LaSalle Team party<\/a>\t\t\t<\/h3>\n\t\t\t\t\t\t\t<h5>\n\t\t\t\t\t\t\t\t\t<a href=\"https:\/\/equipelasalleteam.com\/en\/category\/municipal-democracy\/\" rel=\"category tag\">Municipal Democracy<\/a>\t\t\t\t<\/h5>\n\t\t\t\t\t\t\t\t\tIn 2013, Manon Barbe, Mayor of the Borough of LaSalle since 2001, decided to create \u00c9quipe Barbe Team, &#8230;\n\t\t\t\t\t<a href=\"https:\/\/equipelasalleteam.com\/en\/nancy-blanchet-is-the-new-leader-of-the-equipe-lasalle-team-party\/\" title=\"Read More\" target=\"_self\">Lire l&#8217;article &#8594;<\/a>\t\t\n\t\t\t\t\t\t\t\t\t\t\t\t\t\t<a href=\"https:\/\/equipelasalleteam.com\/en\/equipe-barbe-team-becomes-equipe-lasalle-team\/\" target=\"_self\" title=\"\u00c9quipe Barbe Team becomes \u00c9quipe LaSalle Team\">\n\t\t\t\t<img decoding=\"async\" src=\"https:\/\/equipelasalleteam.com\/wp-content\/uploads\/2021\/05\/equipelasalle_logo.jpg\" alt=\"\" \/>\n\t\t\t\t<\/a>\n\t\t\t\t\t\t<h3>\n\t\t\t\t<a href=\"https:\/\/equipelasalleteam.com\/en\/equipe-barbe-team-becomes-equipe-lasalle-team\/\" title=\"\u00c9quipe Barbe Team becomes \u00c9quipe LaSalle Team\">\u00c9quipe Barbe Team becomes \u00c9quipe LaSalle Team<\/a>\t\t\t<\/h3>\n\t\t\t\t\t\t\t<h5>\n\t\t\t\t\t\t\t\t\t<a href=\"https:\/\/equipelasalleteam.com\/en\/category\/municipal-democracy\/\" rel=\"category tag\">Municipal Democracy<\/a>\t\t\t\t<\/h5>\n\t\t\t\t\t\t\t\t\tIn March 2021, she announced that she would retire from political life at the end of her mandate, &#8230;\n\t\t\t\t\t<a href=\"https:\/\/equipelasalleteam.com\/en\/equipe-barbe-team-becomes-equipe-lasalle-team\/\" title=\"Read More\" target=\"_self\">Lire l&#8217;article &#8594;<\/a>\t\t\n\t\t\t\t\t\t\t\t\t\t\t\t\t\t<a href=\"https:\/\/equipelasalleteam.com\/en\/for-the-well-being-of-everyone-we-stay-at-home\/\" target=\"_self\" title=\"For the well-being of everyone, we stay at home!\">\n\t\t\t\t<img decoding=\"async\" src=\"https:\/\/equipelasalleteam.com\/wp-content\/uploads\/2021\/08\/edbcda_189170359d1e4b699707319bcaf434f1_mv2.jpg\" alt=\"\" \/>\n\t\t\t\t<\/a>\n\t\t\t\t\t\t<h3>\n\t\t\t\t<a href=\"https:\/\/equipelasalleteam.com\/en\/for-the-well-being-of-everyone-we-stay-at-home\/\" title=\"For the well-being of everyone, we stay at home!\">For the well-being of everyone, we stay at home!<\/a>\t\t\t<\/h3>\n\t\t\t\t\t\t\t<h5>\n\t\t\t\t\t\t\t\t\t<a href=\"https:\/\/equipelasalleteam.com\/en\/category\/quality-of-life\/\" rel=\"category tag\">Quality of life<\/a>\t\t\t\t<\/h5>\n\t\t\t\t\t\t\t\t\tThe spread of COVID-19 is causing a real crisis. Preventive measures have been implemented since the beginning of &#8230;\n\t\t\t\t\t<a href=\"https:\/\/equipelasalleteam.com\/en\/for-the-well-being-of-everyone-we-stay-at-home\/\" title=\"Read More\" target=\"_self\">Lire l&#8217;article &#8594;<\/a>\t\t\n\t\t\t\t\t\t\t\t\t\t\t\t\t\t<a href=\"https:\/\/equipelasalleteam.com\/en\/16-months-after-the-november-2017-election-where-do-we-stand\/\" target=\"_self\" title=\"16 months after the November 2017 Election, where do we stand?\">\n\t\t\t\t<img decoding=\"async\" src=\"https:\/\/equipelasalleteam.com\/wp-content\/uploads\/2021\/08\/edbcda_fcb61995f8c74975a9664e91ef8a2d1e_mv2-1024x370.jpg\" alt=\"\" \/>\n\t\t\t\t<\/a>\n\t\t\t\t\t\t<h3>\n\t\t\t\t<a href=\"https:\/\/equipelasalleteam.com\/en\/16-months-after-the-november-2017-election-where-do-we-stand\/\" title=\"16 months after the November 2017 Election, where do we stand?\">16 months after the November 2017 Election, where do we stand?<\/a>\t\t\t<\/h3>\n\t\t\t\t\t\t\t<h5>\n\t\t\t\t\t\t\t\t\t<a href=\"https:\/\/equipelasalleteam.com\/en\/category\/municipal-democracy\/\" rel=\"category tag\">Municipal Democracy<\/a>\t\t\t\t<\/h5>\n\t\t\t\t\t\t\t\t\tIn May 2017, \u00c9quipe Barbe Team adopted an ambitious program for the next four years, a program that &#8230;\n\t\t\t\t\t<a href=\"https:\/\/equipelasalleteam.com\/en\/16-months-after-the-november-2017-election-where-do-we-stand\/\" title=\"Read More\" target=\"_self\">Lire l&#8217;article &#8594;<\/a>\t\t\n\t\t\t\t\t\t\t\t\t\t\t\t\t\t<a href=\"https:\/\/equipelasalleteam.com\/en\/beautiful-visit-to-habitations-trinitaires\/\" target=\"_self\" title=\"Beautiful visit to Habitations Trinitaires\">\n\t\t\t\t<img decoding=\"async\" src=\"https:\/\/equipelasalleteam.com\/wp-content\/uploads\/2021\/08\/edbcda_132753d0b07f45ada866b50bcb57e277_mv2.jpg\" alt=\"\" \/>\n\t\t\t\t<\/a>\n\t\t\t\t\t\t<h3>\n\t\t\t\t<a href=\"https:\/\/equipelasalleteam.com\/en\/beautiful-visit-to-habitations-trinitaires\/\" title=\"Beautiful visit to Habitations Trinitaires\">Beautiful visit to Habitations Trinitaires<\/a>\t\t\t<\/h3>\n\t\t\t\t\t\t\t<h5>\n\t\t\t\t\t\t\t\t\t<a href=\"https:\/\/equipelasalleteam.com\/en\/category\/communauty-and-social-affairs\/\" rel=\"category tag\">Communauty and Social Affairs<\/a>\t\t\t\t<\/h5>\n\t\t\t\t\t\t\t\t\tOn Tuesday, Mayor Manon Barbe welcomed Magda Popeanu, member of the Executive Committee of Ville de Montr\u00e9al responsible &#8230;\n\t\t\t\t\t<a href=\"https:\/\/equipelasalleteam.com\/en\/beautiful-visit-to-habitations-trinitaires\/\" title=\"Read More\" target=\"_self\">Lire l&#8217;article &#8594;<\/a>\t\t\n\t\t\t\t\t\t\t\t\t\t\t\t\t\t<a href=\"https:\/\/equipelasalleteam.com\/en\/join-our-party\/\" target=\"_self\" title=\"Join our Party!\">\n\t\t\t\t<img decoding=\"async\" src=\"https:\/\/equipelasalleteam.com\/wp-content\/uploads\/2021\/08\/edbcda_fc07d27002ac4def8230cafc8e649d3a_mv2-e1628171319218.png\" alt=\"\" \/>\n\t\t\t\t<\/a>\n\t\t\t\t\t\t<h3>\n\t\t\t\t<a href=\"https:\/\/equipelasalleteam.com\/en\/join-our-party\/\" title=\"Join our Party!\">Join our Party!<\/a>\t\t\t<\/h3>\n\t\t\t\t\t\t\t<h5>\n\t\t\t\t\t\t\t\t\t<a href=\"https:\/\/equipelasalleteam.com\/en\/category\/municipal-democracy\/\" rel=\"category tag\">Municipal Democracy<\/a>\t\t\t\t<\/h5>\n\t\t\t\t\t\t\t\t\tThis March, \u00c9quipe Barbe Team launches its Membership Campaign. Do you share our values and want to support &#8230;\n\t\t\t\t\t<a href=\"https:\/\/equipelasalleteam.com\/en\/join-our-party\/\" title=\"Read More\" target=\"_self\">Lire l&#8217;article &#8594;<\/a>\t\t\n\t\t\t\t\t\t\t\t\t\t\t\t\t\t<a href=\"https:\/\/equipelasalleteam.com\/en\/atmosfera-blu-at-theatre-desjardins\/\" target=\"_self\" title=\"Atmosfera Blu at Th\u00e9\u00e2tre Desjardins\">\n\t\t\t\t<img decoding=\"async\" src=\"https:\/\/equipelasalleteam.com\/wp-content\/uploads\/2021\/08\/edbcda_39f5516cb98f4acaa5538b2817f8147e_mv2-1024x768.jpg\" alt=\"\" \/>\n\t\t\t\t<\/a>\n\t\t\t\t\t\t<h3>\n\t\t\t\t<a href=\"https:\/\/equipelasalleteam.com\/en\/atmosfera-blu-at-theatre-desjardins\/\" title=\"Atmosfera Blu at Th\u00e9\u00e2tre Desjardins\">Atmosfera Blu at Th\u00e9\u00e2tre Desjardins<\/a>\t\t\t<\/h3>\n\t\t\t\t\t\t\t<h5>\n\t\t\t\t\t\t\t\t\t<a href=\"https:\/\/equipelasalleteam.com\/en\/category\/sports-leisure-and-culture\/\" rel=\"category tag\">Sports, Leisure and Culture<\/a>\t\t\t\t<\/h5>\n\t\t\t\t\t\t\t\t\tAs part of its Action Plan on Diversity, the Borough is partnering with the Messinesse Association of Montr\u00e9al &#8230;\n\t\t\t\t\t<a href=\"https:\/\/equipelasalleteam.com\/en\/atmosfera-blu-at-theatre-desjardins\/\" title=\"Read More\" target=\"_self\">Lire l&#8217;article &#8594;<\/a>\t\t\n\t\t\t\t\t\t\t\t\t\t\t\t\t\t<a href=\"https:\/\/equipelasalleteam.com\/en\/thanks-to-our-supporters\/\" target=\"_self\" title=\"Thanks to our supporters!\">\n\t\t\t\t<img decoding=\"async\" src=\"https:\/\/equipelasalleteam.com\/wp-content\/uploads\/2021\/08\/edbcda_d21facb61e0a4cfbba1341cf59439ccb_mv2.jpg\" alt=\"\" \/>\n\t\t\t\t<\/a>\n\t\t\t\t\t\t<h3>\n\t\t\t\t<a href=\"https:\/\/equipelasalleteam.com\/en\/thanks-to-our-supporters\/\" title=\"Thanks to our supporters!\">Thanks to our supporters!<\/a>\t\t\t<\/h3>\n\t\t\t\t\t\t\t<h5>\n\t\t\t\t\t\t\t\t\t<a href=\"https:\/\/equipelasalleteam.com\/en\/category\/municipal-democracy\/\" rel=\"category tag\">Municipal Democracy<\/a>\t\t\t\t<\/h5>\n\t\t\t\t\t\t\t\t\tOn Tuesday, September 25, \u00c9quipe Barbe Team hosted its annual cocktail party. This event took place at the &#8230;\n\t\t\t\t\t<a href=\"https:\/\/equipelasalleteam.com\/en\/thanks-to-our-supporters\/\" title=\"Read More\" target=\"_self\">Lire l&#8217;article &#8594;<\/a>\t\t\n\t\t\t\t\t\t\t\t\t\t\t\t\t\t<a href=\"https:\/\/equipelasalleteam.com\/en\/annual-corn-roast-at-jardins-de-laqueduc\/\" target=\"_self\" title=\"Annual Corn Roast at Jardins de l'Aqueduc\">\n\t\t\t\t<img decoding=\"async\" src=\"https:\/\/equipelasalleteam.com\/wp-content\/uploads\/2021\/08\/edbcda_d34e13e83e5d4182b1833a7f300aa0d1_mv2-1024x768.jpg\" alt=\"\" \/>\n\t\t\t\t<\/a>\n\t\t\t\t\t\t<h3>\n\t\t\t\t<a href=\"https:\/\/equipelasalleteam.com\/en\/annual-corn-roast-at-jardins-de-laqueduc\/\" title=\"Annual Corn Roast at Jardins de l'Aqueduc\">Annual Corn Roast at Jardins de l&#8217;Aqueduc<\/a>\t\t\t<\/h3>\n\t\t\t\t\t\t\t<h5>\n\t\t\t\t\t\t\t\t\t<a href=\"https:\/\/equipelasalleteam.com\/en\/category\/sports-leisure-and-culture\/\" rel=\"category tag\">Sports, Leisure and Culture<\/a>\t\t\t\t<\/h5>\n\t\t\t\t\t\t\t\t\tThe weather was just perfect today for the annual Corn Roast hosted by Jardins de l&#8217;Aqueduc. Past President, &#8230;\n\t\t\t\t\t<a href=\"https:\/\/equipelasalleteam.com\/en\/annual-corn-roast-at-jardins-de-laqueduc\/\" title=\"Read More\" target=\"_self\">Lire l&#8217;article &#8594;<\/a>\t\t\n\t\t\t<ul class='page-numbers'>\n\t<li>1<\/li>\n\t<li><a href=\"https:\/\/equipelasalleteam.com\/en\/page\/2\/?page_id=26446&#038;fl_builder\">2<\/a><\/li>\n\t<li><a href=\"https:\/\/equipelasalleteam.com\/en\/page\/2\/?page_id=26446&#038;fl_builder\">Next &raquo;<\/a><\/li>\n<\/ul>\n\t\t\n","protected":false},"excerpt":{"rendered":"<p>News Nancy Blanchet is the new leader of the \u00c9quipe LaSalle Team party Municipal Democracy In 2013, Manon Barbe, Mayor of the Borough of LaSalle since 2001, decided to create \u00c9quipe Barbe Team, &#8230; Lire l&#8217;article &#8594; \u00c9quipe Barbe Team becomes \u00c9quipe LaSalle Team Municipal Democracy In March 2021, she announced that she would retire &hellip;<\/p>\n<p class=\"read-more\"> <a class=\"\" href=\"https:\/\/equipelasalleteam.com\/en\/news\/\"> <span class=\"screen-reader-text\">News<\/span> Read More &raquo;<\/a><\/p>\n","protected":false},"author":2,"featured_media":0,"parent":0,"menu_order":0,"comment_status":"closed","ping_status":"closed","template":"","meta":{"inline_featured_image":false,"footnotes":""},"class_list":["post-26446","page","type-page","status-publish","hentry"],"_links":{"self":[{"href":"https:\/\/equipelasalleteam.com\/en\/wp-json\/wp\/v2\/pages\/26446","targetHints":{"allow":["GET"]}}],"collection":[{"href":"https:\/\/equipelasalleteam.com\/en\/wp-json\/wp\/v2\/pages"}],"about":[{"href":"https:\/\/equipelasalleteam.com\/en\/wp-json\/wp\/v2\/types\/page"}],"author":[{"embeddable":true,"href":"https:\/\/equipelasalleteam.com\/en\/wp-json\/wp\/v2\/users\/2"}],"replies":[{"embeddable":true,"href":"https:\/\/equipelasalleteam.com\/en\/wp-json\/wp\/v2\/comments?post=26446"}],"version-history":[{"count":3,"href":"https:\/\/equipelasalleteam.com\/en\/wp-json\/wp\/v2\/pages\/26446\/revisions"}],"predecessor-version":[{"id":26477,"href":"https:\/\/equipelasalleteam.com\/en\/wp-json\/wp\/v2\/pages\/26446\/revisions\/26477"}],"wp:attachment":[{"href":"https:\/\/equipelasalleteam.com\/en\/wp-json\/wp\/v2\/media?parent=26446"}],"curies":[{"name":"wp","href":"https:\/\/api.w.org\/{rel}","templated":true}]}}